{"id":62,"date":"2019-02-05T15:54:20","date_gmt":"2019-02-05T15:54:20","guid":{"rendered":"http:\/\/kutschfahrten-spessart.de\/?page_id=62"},"modified":"2024-06-01T14:40:54","modified_gmt":"2024-06-01T14:40:54","slug":"planwagentouren","status":"publish","type":"page","link":"https:\/\/kutschfahrten-spessart.de\/?page_id=62","title":{"rendered":"Planwagentouren"},"content":{"rendered":"\n<p>Fernab von Stress und Hektik genie\u00dfen Sie eine  Tour mit der Familie oder Freunden durch den waldreichen Spessart. Wir fahren ausschlie\u00dflich mit modernen T\u00fcV gepr\u00fcften Planwagen. Maximal k\u00f6nnen wir 10 Personen mitnehmen.<\/p>\n","protected":false},"excerpt":{"rendered":"<p>Fernab von Stress und Hektik genie\u00dfen Sie eine Tour mit der Familie oder Freunden durch den waldreichen Spessart. Wir fahren ausschlie\u00dflich mit modernen T\u00fcV gepr\u00fcften Planwagen. Maximal k\u00f6nnen wir 10 Personen mitnehmen.<\/p>\n","protected":false},"author":2,"featured_media":229,"parent":0,"menu_order":0,"comment_status":"closed","ping_status":"closed","template":"","meta":{"footnotes":""},"class_list":["post-62","page","type-page","status-publish","has-post-thumbnail","hentry"],"yoast_head":"<!-- This site is optimized with the Yoast SEO plugin v27.3 - https:\/\/yoast.com\/product\/yoast-seo-wordpress\/ -->\n<title>Planwagentouren - kutschfahrten-spessart<\/title>\n<meta name=\"robots\" content=\"index, follow, max-snippet:-1, max-image-preview:large, max-video-preview:-1\" \/>\n<link rel=\"canonical\" href=\"http:\/\/kutschfahrten-spessart.de\/?page_id=62\" \/>\n<meta property=\"og:locale\" content=\"de_DE\" \/>\n<meta property=\"og:type\" content=\"article\" \/>\n<meta property=\"og:title\" content=\"Planwagentouren - kutschfahrten-spessart\" \/>\n<meta property=\"og:description\" content=\"Fernab von Stress und Hektik genie\u00dfen Sie eine Tour mit der Familie oder Freunden durch den waldreichen Spessart. Wir fahren ausschlie\u00dflich mit modernen T\u00fcV gepr\u00fcften Planwagen. Maximal k\u00f6nnen wir 10 Personen mitnehmen.\" \/>\n<meta property=\"og:url\" content=\"http:\/\/kutschfahrten-spessart.de\/?page_id=62\" \/>\n<meta property=\"og:site_name\" content=\"kutschfahrten-spessart\" \/>\n<meta property=\"article:modified_time\" content=\"2024-06-01T14:40:54+00:00\" \/>\n<meta property=\"og:image\" content=\"http:\/\/kutschfahrten-spessart.de\/wp-content\/uploads\/2019\/02\/IMG_7065-e1549533961321.jpg\" \/>\n\t<meta property=\"og:image:width\" content=\"1420\" \/>\n\t<meta property=\"og:image:height\" content=\"947\" \/>\n\t<meta property=\"og:image:type\" content=\"image\/jpeg\" \/>\n<meta name=\"twitter:card\" content=\"summary_large_image\" \/>\n<meta name=\"twitter:label1\" content=\"Gesch\u00e4tzte Lesezeit\" \/>\n\t<meta name=\"twitter:data1\" content=\"1\u00a0Minute\" \/>\n<script type=\"application\/ld+json\" class=\"yoast-schema-graph\">{\"@context\":\"https:\\\/\\\/schema.org\",\"@graph\":[{\"@type\":\"WebPage\",\"@id\":\"http:\\\/\\\/kutschfahrten-spessart.de\\\/?page_id=62\",\"url\":\"http:\\\/\\\/kutschfahrten-spessart.de\\\/?page_id=62\",\"name\":\"Planwagentouren - kutschfahrten-spessart\",\"isPartOf\":{\"@id\":\"https:\\\/\\\/kutschfahrten-spessart.de\\\/#website\"},\"primaryImageOfPage\":{\"@id\":\"http:\\\/\\\/kutschfahrten-spessart.de\\\/?page_id=62#primaryimage\"},\"image\":{\"@id\":\"http:\\\/\\\/kutschfahrten-spessart.de\\\/?page_id=62#primaryimage\"},\"thumbnailUrl\":\"https:\\\/\\\/kutschfahrten-spessart.de\\\/wp-content\\\/uploads\\\/2019\\\/02\\\/IMG_7065-e1549533961321.jpg\",\"datePublished\":\"2019-02-05T15:54:20+00:00\",\"dateModified\":\"2024-06-01T14:40:54+00:00\",\"breadcrumb\":{\"@id\":\"http:\\\/\\\/kutschfahrten-spessart.de\\\/?page_id=62#breadcrumb\"},\"inLanguage\":\"de\",\"potentialAction\":[{\"@type\":\"ReadAction\",\"target\":[\"http:\\\/\\\/kutschfahrten-spessart.de\\\/?page_id=62\"]}]},{\"@type\":\"ImageObject\",\"inLanguage\":\"de\",\"@id\":\"http:\\\/\\\/kutschfahrten-spessart.de\\\/?page_id=62#primaryimage\",\"url\":\"https:\\\/\\\/kutschfahrten-spessart.de\\\/wp-content\\\/uploads\\\/2019\\\/02\\\/IMG_7065-e1549533961321.jpg\",\"contentUrl\":\"https:\\\/\\\/kutschfahrten-spessart.de\\\/wp-content\\\/uploads\\\/2019\\\/02\\\/IMG_7065-e1549533961321.jpg\",\"width\":1420,\"height\":947},{\"@type\":\"BreadcrumbList\",\"@id\":\"http:\\\/\\\/kutschfahrten-spessart.de\\\/?page_id=62#breadcrumb\",\"itemListElement\":[{\"@type\":\"ListItem\",\"position\":1,\"name\":\"Startseite\",\"item\":\"https:\\\/\\\/kutschfahrten-spessart.de\\\/\"},{\"@type\":\"ListItem\",\"position\":2,\"name\":\"Planwagentouren\"}]},{\"@type\":\"WebSite\",\"@id\":\"https:\\\/\\\/kutschfahrten-spessart.de\\\/#website\",\"url\":\"https:\\\/\\\/kutschfahrten-spessart.de\\\/\",\"name\":\"kutschfahrten-spessart\",\"description\":\"Faszination Kutschfahren im Spessart\",\"potentialAction\":[{\"@type\":\"SearchAction\",\"target\":{\"@type\":\"EntryPoint\",\"urlTemplate\":\"https:\\\/\\\/kutschfahrten-spessart.de\\\/?s={search_term_string}\"},\"query-input\":{\"@type\":\"PropertyValueSpecification\",\"valueRequired\":true,\"valueName\":\"search_term_string\"}}],\"inLanguage\":\"de\"}]}<\/script>\n<!-- \/ Yoast SEO plugin. -->","yoast_head_json":{"title":"Planwagentouren - kutschfahrten-spessart","robots":{"index":"index","follow":"follow","max-snippet":"max-snippet:-1","max-image-preview":"max-image-preview:large","max-video-preview":"max-video-preview:-1"},"canonical":"http:\/\/kutschfahrten-spessart.de\/?page_id=62","og_locale":"de_DE","og_type":"article","og_title":"Planwagentouren - kutschfahrten-spessart","og_description":"Fernab von Stress und Hektik genie\u00dfen Sie eine Tour mit der Familie oder Freunden durch den waldreichen Spessart. Wir fahren ausschlie\u00dflich mit modernen T\u00fcV gepr\u00fcften Planwagen. Maximal k\u00f6nnen wir 10 Personen mitnehmen.","og_url":"http:\/\/kutschfahrten-spessart.de\/?page_id=62","og_site_name":"kutschfahrten-spessart","article_modified_time":"2024-06-01T14:40:54+00:00","og_image":[{"width":1420,"height":947,"url":"http:\/\/kutschfahrten-spessart.de\/wp-content\/uploads\/2019\/02\/IMG_7065-e1549533961321.jpg","type":"image\/jpeg"}],"twitter_card":"summary_large_image","twitter_misc":{"Gesch\u00e4tzte Lesezeit":"1\u00a0Minute"},"schema":{"@context":"https:\/\/schema.org","@graph":[{"@type":"WebPage","@id":"http:\/\/kutschfahrten-spessart.de\/?page_id=62","url":"http:\/\/kutschfahrten-spessart.de\/?page_id=62","name":"Planwagentouren - kutschfahrten-spessart","isPartOf":{"@id":"https:\/\/kutschfahrten-spessart.de\/#website"},"primaryImageOfPage":{"@id":"http:\/\/kutschfahrten-spessart.de\/?page_id=62#primaryimage"},"image":{"@id":"http:\/\/kutschfahrten-spessart.de\/?page_id=62#primaryimage"},"thumbnailUrl":"https:\/\/kutschfahrten-spessart.de\/wp-content\/uploads\/2019\/02\/IMG_7065-e1549533961321.jpg","datePublished":"2019-02-05T15:54:20+00:00","dateModified":"2024-06-01T14:40:54+00:00","breadcrumb":{"@id":"http:\/\/kutschfahrten-spessart.de\/?page_id=62#breadcrumb"},"inLanguage":"de","potentialAction":[{"@type":"ReadAction","target":["http:\/\/kutschfahrten-spessart.de\/?page_id=62"]}]},{"@type":"ImageObject","inLanguage":"de","@id":"http:\/\/kutschfahrten-spessart.de\/?page_id=62#primaryimage","url":"https:\/\/kutschfahrten-spessart.de\/wp-content\/uploads\/2019\/02\/IMG_7065-e1549533961321.jpg","contentUrl":"https:\/\/kutschfahrten-spessart.de\/wp-content\/uploads\/2019\/02\/IMG_7065-e1549533961321.jpg","width":1420,"height":947},{"@type":"BreadcrumbList","@id":"http:\/\/kutschfahrten-spessart.de\/?page_id=62#breadcrumb","itemListElement":[{"@type":"ListItem","position":1,"name":"Startseite","item":"https:\/\/kutschfahrten-spessart.de\/"},{"@type":"ListItem","position":2,"name":"Planwagentouren"}]},{"@type":"WebSite","@id":"https:\/\/kutschfahrten-spessart.de\/#website","url":"https:\/\/kutschfahrten-spessart.de\/","name":"kutschfahrten-spessart","description":"Faszination Kutschfahren im Spessart","potentialAction":[{"@type":"SearchAction","target":{"@type":"EntryPoint","urlTemplate":"https:\/\/kutschfahrten-spessart.de\/?s={search_term_string}"},"query-input":{"@type":"PropertyValueSpecification","valueRequired":true,"valueName":"search_term_string"}}],"inLanguage":"de"}]}},"_links":{"self":[{"href":"https:\/\/kutschfahrten-spessart.de\/index.php?rest_route=\/wp\/v2\/pages\/62","targetHints":{"allow":["GET"]}}],"collection":[{"href":"https:\/\/kutschfahrten-spessart.de\/index.php?rest_route=\/wp\/v2\/pages"}],"about":[{"href":"https:\/\/kutschfahrten-spessart.de\/index.php?rest_route=\/wp\/v2\/types\/page"}],"author":[{"embeddable":true,"href":"https:\/\/kutschfahrten-spessart.de\/index.php?rest_route=\/wp\/v2\/users\/2"}],"replies":[{"embeddable":true,"href":"https:\/\/kutschfahrten-spessart.de\/index.php?rest_route=%2Fwp%2Fv2%2Fcomments&post=62"}],"version-history":[{"count":4,"href":"https:\/\/kutschfahrten-spessart.de\/index.php?rest_route=\/wp\/v2\/pages\/62\/revisions"}],"predecessor-version":[{"id":384,"href":"https:\/\/kutschfahrten-spessart.de\/index.php?rest_route=\/wp\/v2\/pages\/62\/revisions\/384"}],"wp:featuredmedia":[{"embeddable":true,"href":"https:\/\/kutschfahrten-spessart.de\/index.php?rest_route=\/wp\/v2\/media\/229"}],"wp:attachment":[{"href":"https:\/\/kutschfahrten-spessart.de\/index.php?rest_route=%2Fwp%2Fv2%2Fmedia&parent=62"}],"curies":[{"name":"wp","href":"https:\/\/api.w.org\/{rel}","templated":true}]}}